{"id":1449,"date":"2023-12-26T16:57:11","date_gmt":"2023-12-26T13:57:11","guid":{"rendered":"https:\/\/beysehirosb.org\/?page_id=1449"},"modified":"2024-01-29T10:40:25","modified_gmt":"2024-01-29T07:40:25","slug":"management","status":"publish","type":"page","link":"https:\/\/beysehirosb.org\/en\/management\/","title":{"rendered":"Management"},"content":{"rendered":"","protected":false},"excerpt":{"rendered":"","protected":false},"author":1,"featured_media":0,"parent":0,"menu_order":0,"comment_status":"closed","ping_status":"closed","template":"","meta":{"_acf_changed":false,"footnotes":""},"class_list":["post-1449","page","type-page","status-publish","hentry"],"acf":[],"yoast_head":"<!-- This site is optimized with the Yoast SEO plugin v27.1.1 - https:\/\/yoast.com\/product\/yoast-seo-wordpress\/ -->\n<title>Management - Bey\u015fehir OSB En (Organize Sanayi B\u00f6lgesi)<\/title>\n<meta name=\"robots\" content=\"index, follow, max-snippet:-1, max-image-preview:large, max-video-preview:-1\" \/>\n<link rel=\"canonical\" href=\"https:\/\/beysehirosb.org\/en\/management\/\" \/>\n<meta property=\"og:locale\" content=\"tr_TR\" \/>\n<meta property=\"og:type\" content=\"article\" \/>\n<meta property=\"og:title\" content=\"Management - Bey\u015fehir OSB En (Organize Sanayi B\u00f6lgesi)\" \/>\n<meta property=\"og:url\" content=\"https:\/\/beysehirosb.org\/en\/management\/\" \/>\n<meta property=\"og:site_name\" content=\"Bey\u015fehir OSB En (Organize Sanayi B\u00f6lgesi)\" \/>\n<meta property=\"article:modified_time\" content=\"2024-01-29T07:40:25+00:00\" \/>\n<meta name=\"twitter:card\" content=\"summary_large_image\" \/>\n<script type=\"application\/ld+json\" class=\"yoast-schema-graph\">{\"@context\":\"https:\/\/schema.org\",\"@graph\":[{\"@type\":\"WebPage\",\"@id\":\"https:\/\/beysehirosb.org\/en\/management\/\",\"url\":\"https:\/\/beysehirosb.org\/en\/management\/\",\"name\":\"Management - Bey\u015fehir OSB En (Organize Sanayi B\u00f6lgesi)\",\"isPartOf\":{\"@id\":\"https:\/\/beysehirosb.org\/en\/#website\"},\"datePublished\":\"2023-12-26T13:57:11+00:00\",\"dateModified\":\"2024-01-29T07:40:25+00:00\",\"breadcrumb\":{\"@id\":\"https:\/\/beysehirosb.org\/en\/management\/#breadcrumb\"},\"inLanguage\":\"tr\",\"potentialAction\":[{\"@type\":\"ReadAction\",\"target\":[\"https:\/\/beysehirosb.org\/en\/management\/\"]}]},{\"@type\":\"BreadcrumbList\",\"@id\":\"https:\/\/beysehirosb.org\/en\/management\/#breadcrumb\",\"itemListElement\":[{\"@type\":\"ListItem\",\"position\":1,\"name\":\"Anasayfa\",\"item\":\"https:\/\/beysehirosb.org\/en\/\"},{\"@type\":\"ListItem\",\"position\":2,\"name\":\"Management\"}]},{\"@type\":\"WebSite\",\"@id\":\"https:\/\/beysehirosb.org\/en\/#website\",\"url\":\"https:\/\/beysehirosb.org\/en\/\",\"name\":\"Bey\u015fehir OSB En (Organize Sanayi B\u00f6lgesi)\",\"description\":\"\u00dcreten Bey\u015fehir\",\"potentialAction\":[{\"@type\":\"SearchAction\",\"target\":{\"@type\":\"EntryPoint\",\"urlTemplate\":\"https:\/\/beysehirosb.org\/en\/?s={search_term_string}\"},\"query-input\":{\"@type\":\"PropertyValueSpecification\",\"valueRequired\":true,\"valueName\":\"search_term_string\"}}],\"inLanguage\":\"tr\"}]}<\/script>\n<!-- \/ Yoast SEO plugin. -->","yoast_head_json":{"title":"Management - Bey\u015fehir OSB En (Organize Sanayi B\u00f6lgesi)","robots":{"index":"index","follow":"follow","max-snippet":"max-snippet:-1","max-image-preview":"max-image-preview:large","max-video-preview":"max-video-preview:-1"},"canonical":"https:\/\/beysehirosb.org\/en\/management\/","og_locale":"tr_TR","og_type":"article","og_title":"Management - Bey\u015fehir OSB En (Organize Sanayi B\u00f6lgesi)","og_url":"https:\/\/beysehirosb.org\/en\/management\/","og_site_name":"Bey\u015fehir OSB En (Organize Sanayi B\u00f6lgesi)","article_modified_time":"2024-01-29T07:40:25+00:00","twitter_card":"summary_large_image","schema":{"@context":"https:\/\/schema.org","@graph":[{"@type":"WebPage","@id":"https:\/\/beysehirosb.org\/en\/management\/","url":"https:\/\/beysehirosb.org\/en\/management\/","name":"Management - Bey\u015fehir OSB En (Organize Sanayi B\u00f6lgesi)","isPartOf":{"@id":"https:\/\/beysehirosb.org\/en\/#website"},"datePublished":"2023-12-26T13:57:11+00:00","dateModified":"2024-01-29T07:40:25+00:00","breadcrumb":{"@id":"https:\/\/beysehirosb.org\/en\/management\/#breadcrumb"},"inLanguage":"tr","potentialAction":[{"@type":"ReadAction","target":["https:\/\/beysehirosb.org\/en\/management\/"]}]},{"@type":"BreadcrumbList","@id":"https:\/\/beysehirosb.org\/en\/management\/#breadcrumb","itemListElement":[{"@type":"ListItem","position":1,"name":"Anasayfa","item":"https:\/\/beysehirosb.org\/en\/"},{"@type":"ListItem","position":2,"name":"Management"}]},{"@type":"WebSite","@id":"https:\/\/beysehirosb.org\/en\/#website","url":"https:\/\/beysehirosb.org\/en\/","name":"Bey\u015fehir OSB En (Organize Sanayi B\u00f6lgesi)","description":"\u00dcreten Bey\u015fehir","potentialAction":[{"@type":"SearchAction","target":{"@type":"EntryPoint","urlTemplate":"https:\/\/beysehirosb.org\/en\/?s={search_term_string}"},"query-input":{"@type":"PropertyValueSpecification","valueRequired":true,"valueName":"search_term_string"}}],"inLanguage":"tr"}]}},"_links":{"self":[{"href":"https:\/\/beysehirosb.org\/en\/wp-json\/wp\/v2\/pages\/1449","targetHints":{"allow":["GET"]}}],"collection":[{"href":"https:\/\/beysehirosb.org\/en\/wp-json\/wp\/v2\/pages"}],"about":[{"href":"https:\/\/beysehirosb.org\/en\/wp-json\/wp\/v2\/types\/page"}],"author":[{"embeddable":true,"href":"https:\/\/beysehirosb.org\/en\/wp-json\/wp\/v2\/users\/1"}],"replies":[{"embeddable":true,"href":"https:\/\/beysehirosb.org\/en\/wp-json\/wp\/v2\/comments?post=1449"}],"version-history":[{"count":1,"href":"https:\/\/beysehirosb.org\/en\/wp-json\/wp\/v2\/pages\/1449\/revisions"}],"predecessor-version":[{"id":1763,"href":"https:\/\/beysehirosb.org\/en\/wp-json\/wp\/v2\/pages\/1449\/revisions\/1763"}],"wp:attachment":[{"href":"https:\/\/beysehirosb.org\/en\/wp-json\/wp\/v2\/media?parent=1449"}],"curies":[{"name":"wp","href":"https:\/\/api.w.org\/{rel}","templated":true}]}}